{"id":1053,"date":"2019-03-25T03:48:46","date_gmt":"2019-03-25T03:48:46","guid":{"rendered":"http:\/\/nonwotech.com\/?page_id=1053"},"modified":"2023-12-25T19:52:58","modified_gmt":"2023-12-25T16:52:58","slug":"hakkimizda","status":"publish","type":"page","link":"https:\/\/nonwotech.com\/?page_id=1053","title":{"rendered":"Hakk\u0131m\u0131zda"},"content":{"rendered":"\t\t<div data-elementor-type=\"wp-post\" data-elementor-id=\"1053\" class=\"elementor elementor-1053\">\n\t\t\t\t\t\t<section class=\"elementor-section elementor-top-section elementor-element elementor-element-49610c0 elementor-section-stretched elementor-section-full_width elementor-section-height-default elementor-section-height-default\" data-id=\"49610c0\" data-element_type=\"section\" data-settings=\"{&quot;stretch_section&quot;:&quot;section-stretched&quot;}\">\n\t\t\t\t\t\t<div class=\"elementor-container elementor-column-gap-no\">\n\t\t\t\t\t<div class=\"elementor-column elementor-col-100 elementor-top-column elementor-element elementor-element-2cc6357\" data-id=\"2cc6357\" data-element_type=\"column\">\n\t\t\t<div class=\"elementor-widget-wrap elementor-element-populated\">\n\t\t\t\t\t\t<div class=\"elementor-element elementor-element-7f22e03 elementor-widget elementor-widget-page_about\" data-id=\"7f22e03\" data-element_type=\"widget\" data-widget_type=\"page_about.default\">\n\t\t\t\t<div class=\"elementor-widget-container\">\n\t\t\t\t\t\r\n<!-- Fun Facts Section -->\r\n<section class=\"about-section-two\" style=\"background-image:url();\">\r\n  <div class=\"auto-container\">\r\n    <div class=\"title-style-one style-two centered\">\r\n      <div class=\"icon\"><img decoding=\"async\" src=\"https:\/\/nonwotech.com\/wp-content\/uploads\/2020\/06\/logo-icon.png\"\r\n          alt=\"Image\"><\/div>\r\n      <div class=\"subtitle\">NONWOTECH<\/div>\r\n      <h2>\u00c7\u00d6Z\u00dcM ORTAKLI\u011eIYLA B\u0130RL\u0130KTE Y\u00dcKSELEL\u0130M..<\/h2>\r\n      <div class=\"text\">Nonwotech, 1978 y\u0131l\u0131nda Nedim K\u0130SBU taraf\u0131ndan kurulan \u00e7at\u0131 \u015firketimiz Kisbu Grup\u2019un bir \u00fcyesidir. Kisbu Grup, profesyonel i\u015f anlay\u0131\u015f\u0131, gen\u00e7 ve dinamik kadrosu, verdi\u011fi de\u011fer, insan kaynaklar\u0131na ba\u011fl\u0131 ve ilerici yap\u0131s\u0131yla d\u00fcnya \u00e7ap\u0131ndaki \u00e7al\u0131\u015fmalar\u0131yla bir\u00e7ok platformun ba\u015f\u0131nda yer almaktad\u0131r. Teknik tekstil sekt\u00f6r\u00fcndeki geli\u015fmeleri ve pazardaki yeni talepleri yak\u0131ndan takip eden Nonwotech, firma y\u00f6netimi ve g\u00fc\u00e7l\u00fc yap\u0131s\u0131 ile \u201cTemel Al\u0131nan\u201d firmad\u0131r.<\/div>\r\n    <\/div>\r\n\r\n    <div class=\"row\">\r\n      <div class=\"image-column col-lg-6 col-md-12 col-sm-12\">\r\n        <div class=\"inner-column wow fadeInLeft\" data-wow-delay=\"0ms\" data-wow-duration=\"1500ms\">\r\n          <figure class=\"image\"><a href=\"https:\/\/nonwotech.com\/wp-content\/uploads\/2023\/04\/nonwotechhakkimizdayeni.jpg\" class=\"lightbox-image\">\r\n              <img decoding=\"async\" src=\"https:\/\/nonwotech.com\/wp-content\/uploads\/2023\/04\/nonwotechhakkimizdayeni.jpg\"\r\n                alt=\"Image\">\r\n            <\/a>\r\n          <\/figure>\r\n        <\/div>\r\n      <\/div>\r\n\r\n      <div class=\"content-column col-lg-6 col-md-12 col-sm-12\">\r\n        <div class=\"inner-column wow fadeInRight\" data-wow-delay=\"0ms\" data-wow-duration=\"1500ms\">\r\n          <div class=\"text\">\r\n            T\u00fcrkiye\u2019nin sanayi merkezlerinden biri say\u0131lan Tekirda\u011f Muratl\u0131 ve \u0130stanbul Beylikd\u00fcz\u00fc\u2019nde \u00fcretim tesisleri bulunan 6 adet sat\u0131\u015f ofisi ve da\u011f\u0131t\u0131m merkezi bulunmaktad\u0131r.\n\nNonwotech, hedef ve ilkelerinden \u00f6d\u00fcn vermeden, sa\u011flad\u0131\u011f\u0131 disiplinle ba\u015far\u0131l\u0131 \u00e7al\u0131\u015fmalar\u0131 d\u00fcnyaya yayar, kalitesi, a\u00e7\u0131k yap\u0131s\u0131, yat\u0131r\u0131mlar\u0131 ve m\u00fc\u015fteri portf\u00f6y\u00fc ile 78 \u00fclkeye \u00fcr\u00fcn ihra\u00e7 eder. Sadece T\u00fcrkiye\u2019de de\u011fil, Avrupa\u2019n\u0131n da en g\u00fcvenilir ve ba\u015far\u0131l\u0131 firmalar\u0131 aras\u0131nda yer alan, Avrupa\u2019n\u0131n en g\u00fcvenilir ve ba\u015far\u0131l\u0131 firmalar\u0131ndan biri olarak global bir marka haline gelerek sekt\u00f6r\u00fcnde her zaman bir ad\u0131m \u00f6ndedir.\n\nGer\u00e7ekle\u015ftirdi\u011fi t\u00fcm kurumsal sosyal sorumluluk ve sponsorluk projeleriyle topluma \u00f6nc\u00fc ve \u00f6rnek olma hedefiyle hareket ederken, yapt\u0131\u011f\u0131 yat\u0131r\u0131mlarla da \u00fclke ekonomisine ve istihdama katk\u0131 sa\u011flamaktad\u0131r. Nonwotech yerli \u00fcretimin g\u00fcc\u00fcne inanmakta ve ulusal g\u00fcc\u00fcm\u00fcz\u00fcn uluslararas\u0131 pazarda kazand\u0131\u011f\u0131 yeri her ge\u00e7en g\u00fcn b\u00fcy\u00fctmek i\u00e7in \u00e7al\u0131\u015fmaktad\u0131r. Ve kuruldu\u011fu g\u00fcnden bu yana Nonwotech b\u00fcy\u00fck bir \u00f6zveri ve \u00f6zveriyle, m\u00fc\u015fteri memnuniyetini esas alarak s\u00fcrekli geli\u015fiyor ve hedeflerimiz do\u011frultusunda emin ad\u0131mlarla ilerliyor..          <\/div>\r\n          <div class=\"fact-counter wow fadeInRightBig\" data-wow-delay=\"0ms\" data-wow-duration=\"1500ms\">\r\n            <div class=\"clearfix\">\r\n                            <!--Column-->\r\n              <div class=\"column counter-column col-lg-4 col-md-4 col-sm-12\">\r\n                <div class=\"inner\">\r\n                  <div class=\"count-outer count-box\">\r\n                    <span class=\"count-text\" data-speed=\"\" data-stop=\"\">0<\/span>15                    <h4 class=\"counter-title\">15<\/h4>\r\n                  <\/div>\r\n                <\/div>\r\n              <\/div>\r\n                          <\/div>\r\n          <\/div>\r\n        <\/div>\r\n      <\/div>\r\n    <\/div>\r\n  <\/div>\r\n<\/section>\r\n<!-- Fun Facts Section -->\r\n\t\t\t\t<\/div>\n\t\t\t\t<\/div>\n\t\t\t\t\t<\/div>\n\t\t<\/div>\n\t\t\t\t\t<\/div>\n\t\t<\/section>\n\t\t\t\t<\/div>\n\t\t","protected":false},"excerpt":{"rendered":"<p>NONWOTECH \u00c7\u00d6Z\u00dcM ORTAKLI\u011eIYLA B\u0130RL\u0130KTE Y\u00dcKSELEL\u0130M.. Nonwotech, 1978 y\u0131l\u0131nda Nedim K\u0130SBU taraf\u0131ndan kurulan \u00e7at\u0131 \u015firketimiz Kisbu Grup\u2019un bir \u00fcyesidir. Kisbu Grup, profesyonel i\u015f anlay\u0131\u015f\u0131, gen\u00e7 ve dinamik kadrosu, verdi\u011fi de\u011fer, insan kaynaklar\u0131na ba\u011fl\u0131 ve ilerici yap\u0131s\u0131yla d\u00fcnya \u00e7ap\u0131ndaki \u00e7al\u0131\u015fmalar\u0131yla bir\u00e7ok platformun ba\u015f\u0131nda yer almaktad\u0131r. Teknik tekstil sekt\u00f6r\u00fcndeki geli\u015fmeleri ve pazardaki yeni talepleri yak\u0131ndan takip eden Nonwotech, [&hellip;]<\/p>\n","protected":false},"author":1,"featured_media":0,"parent":0,"menu_order":0,"comment_status":"closed","ping_status":"closed","template":"","meta":{"footnotes":""},"class_list":["post-1053","page","type-page","status-publish","hentry"],"_links":{"self":[{"href":"https:\/\/nonwotech.com\/index.php?rest_route=\/wp\/v2\/pages\/1053","targetHints":{"allow":["GET"]}}],"collection":[{"href":"https:\/\/nonwotech.com\/index.php?rest_route=\/wp\/v2\/pages"}],"about":[{"href":"https:\/\/nonwotech.com\/index.php?rest_route=\/wp\/v2\/types\/page"}],"author":[{"embeddable":true,"href":"https:\/\/nonwotech.com\/index.php?rest_route=\/wp\/v2\/users\/1"}],"replies":[{"embeddable":true,"href":"https:\/\/nonwotech.com\/index.php?rest_route=%2Fwp%2Fv2%2Fcomments&post=1053"}],"version-history":[{"count":21,"href":"https:\/\/nonwotech.com\/index.php?rest_route=\/wp\/v2\/pages\/1053\/revisions"}],"predecessor-version":[{"id":3176,"href":"https:\/\/nonwotech.com\/index.php?rest_route=\/wp\/v2\/pages\/1053\/revisions\/3176"}],"wp:attachment":[{"href":"https:\/\/nonwotech.com\/index.php?rest_route=%2Fwp%2Fv2%2Fmedia&parent=1053"}],"curies":[{"name":"wp","href":"https:\/\/api.w.org\/{rel}","templated":true}]}}