{"id":1110,"date":"2019-03-27T04:03:46","date_gmt":"2019-03-27T04:03:46","guid":{"rendered":"http:\/\/nonwotech.com\/?page_id=1110"},"modified":"2026-03-23T16:56:29","modified_gmt":"2026-03-23T13:56:29","slug":"iletisim","status":"publish","type":"page","link":"https:\/\/nonwotech.com\/?page_id=1110","title":{"rendered":"\u0130leti\u015fim"},"content":{"rendered":"\t\t<div data-elementor-type=\"wp-post\" data-elementor-id=\"1110\" class=\"elementor elementor-1110\">\n\t\t\t\t\t\t<section class=\"elementor-section elementor-top-section elementor-element elementor-element-1ac3a89 elementor-section-full_width elementor-section-height-default elementor-section-height-default\" data-id=\"1ac3a89\" data-element_type=\"section\">\n\t\t\t\t\t\t<div class=\"elementor-container elementor-column-gap-default\">\n\t\t\t\t\t<div class=\"elementor-column elementor-col-100 elementor-top-column elementor-element elementor-element-0b87575\" data-id=\"0b87575\" data-element_type=\"column\">\n\t\t\t<div class=\"elementor-widget-wrap elementor-element-populated\">\n\t\t\t\t\t\t<div class=\"elementor-element elementor-element-46c830a elementor-widget elementor-widget-contact\" data-id=\"46c830a\" data-element_type=\"widget\" data-widget_type=\"contact.default\">\n\t\t\t\t<div class=\"elementor-widget-container\">\n\t\t\t\t\t        <!-- Contact Page Section -->\r\n        <section class=\"contact-page-section\">\r\n            <div class=\"auto-container\">\r\n                <div class=\"row clearfix\">\r\n                    <!-- Info Column -->\r\n                    <div class=\"info-column col-lg-4 col-md-12 col-sm-12\">\r\n                        <div class=\"inner-column wow fadeInLeft\" data-wow-delay=\"0ms\">\r\n                            <!-- Title Box -->\r\n                            <div class=\"title-box\">\r\n                                <h3>Merkez Ofis<\/h3>\r\n                                <div class=\"title-text\">T\u00fcm sorular\u0131n\u0131z i\u00e7in bizimle ileti\u015fime ge\u00e7ebilirsiniz.<\/div>\r\n                            <\/div>\r\n                            <ul class=\"contact-info-list\">\r\n\r\n                                                                        <li>\r\n                                            <span class=\"icon icon-home\"><\/span><strong>Merkez Ofis<\/strong>Beylikd\u00fcz\u00fc Osb Mah. Mermerciler San. Sit. 10. Cad. No:22\nBeylikd\u00fcz\u00fc \/ \u0130stanbul                                        <\/li>\r\n                                                                                <li>\r\n                                            <span class=\"icon icon-envelope-open\"><\/span><strong>Email<\/strong>info@nonwotech.com.tr                                        <\/li>\r\n                                                                                <li>\r\n                                            <span class=\"icon icon-call-in\"><\/span><strong>Telefon<\/strong>+90 (212) 875 45 45                                        <\/li>\r\n                                                                    <\/ul>\r\n                                                    <\/div>\r\n                    <\/div>\r\n\r\n                    <!-- Form Column -->\r\n                    <div class=\"form-column col-lg-8 col-md-12 col-sm-12\">\r\n                        <div class=\"inner-column wow fadeInRight\" data-wow-delay=\"0ms\">\r\n                            <!-- Sec Title -->\r\n                            <div class=\"sec-title\">\r\n                                <div class=\"title\">\r\n                                    Bizimle \u0130leti\u015fime Ge\u00e7in<\/div>\r\n                                <h2>Mesaj G\u00f6nder                                <\/h2>\r\n                            <\/div>\r\n                            <!-- Contact Form -->\r\n                            <div class=\"contact-form\">\r\n                                \n<div class=\"wpcf7 no-js\" id=\"wpcf7-f1129-o1\" lang=\"en-US\" dir=\"ltr\">\n<div class=\"screen-reader-response\"><p role=\"status\" aria-live=\"polite\" aria-atomic=\"true\"><\/p> <ul><\/ul><\/div>\n<form action=\"\/index.php?rest_route=%2Fwp%2Fv2%2Fpages%2F1110#wpcf7-f1129-o1\" method=\"post\" class=\"wpcf7-form init\" aria-label=\"Contact form\" novalidate=\"novalidate\" data-status=\"init\">\n<div style=\"display: none;\">\n<input type=\"hidden\" name=\"_wpcf7\" value=\"1129\" \/>\n<input type=\"hidden\" name=\"_wpcf7_version\" value=\"5.9.5\" \/>\n<input type=\"hidden\" name=\"_wpcf7_locale\" value=\"en_US\" \/>\n<input type=\"hidden\" name=\"_wpcf7_unit_tag\" value=\"wpcf7-f1129-o1\" \/>\n<input type=\"hidden\" name=\"_wpcf7_container_post\" value=\"0\" \/>\n<input type=\"hidden\" name=\"_wpcf7_posted_data_hash\" value=\"\" \/>\n<\/div>\n<div class=\"row clearfix\">\n\t<div class=\"col-lg-6 col-md-6 col-sm-12 form-group\">\n\t\t<p><span class=\"wpcf7-form-control-wrap\" data-name=\"your-name\"><input size=\"40\" class=\"wpcf7-form-control wpcf7-text wpcf7-validates-as-required text_field\" aria-required=\"true\" aria-invalid=\"false\" placeholder=\"Ad\u0131n\u0131z\" value=\"\" type=\"text\" name=\"your-name\" \/><\/span>\n\t\t<\/p>\n\t<\/div>\n\t<div class=\"col-lg-6 col-md-6 col-sm-12 form-group\">\n\t\t<p><span class=\"wpcf7-form-control-wrap\" data-name=\"last-name\"><input size=\"40\" class=\"wpcf7-form-control wpcf7-text text_field\" aria-invalid=\"false\" placeholder=\"Soyad\u0131n\u0131z\" value=\"\" type=\"text\" name=\"last-name\" \/><\/span>\n\t\t<\/p>\n\t<\/div>\n\t<div class=\"col-lg-6 col-md-6 col-sm-12 form-group\">\n\t\t<p><span class=\"wpcf7-form-control-wrap\" data-name=\"your-email\"><input size=\"40\" class=\"wpcf7-form-control wpcf7-email wpcf7-validates-as-required wpcf7-text wpcf7-validates-as-email text_field\" aria-required=\"true\" aria-invalid=\"false\" placeholder=\"Mail Adresiniz\" value=\"\" type=\"email\" name=\"your-email\" \/><\/span>\n\t\t<\/p>\n\t<\/div>\n\t<div class=\"col-lg-6 col-md-6 col-sm-12 form-group\">\n\t\t<p><span class=\"wpcf7-form-control-wrap\" data-name=\"your-phone\"><input size=\"40\" class=\"wpcf7-form-control wpcf7-text text_field\" aria-invalid=\"false\" placeholder=\"Telefon Numaran\u0131z\" value=\"\" type=\"text\" name=\"your-phone\" \/><\/span>\n\t\t<\/p>\n\t<\/div>\n\t<div class=\"col-lg-12 col-md-12 col-sm-12 form-group\">\n\t\t<p><span class=\"wpcf7-form-control-wrap\" data-name=\"your-message\"><textarea cols=\"40\" rows=\"10\" class=\"wpcf7-form-control wpcf7-textarea wpcf7-validates-as-required text_field\" aria-required=\"true\" aria-invalid=\"false\" placeholder=\"Mesaj\u0131n\u0131z\" name=\"your-message\"><\/textarea><\/span>\n\t\t<\/p>\n\t<\/div>\n\t<div class=\"col-lg-12 col-md-12 col-sm-12 form-group\">\n\t\t<p><input class=\"wpcf7-form-control wpcf7-submit has-spinner theme-btn btn-style-five\" type=\"submit\" value=\"G\u00f6nder\" \/>\n\t\t<\/p>\n\t<\/div>\n<\/div><p style=\"display: none !important;\" class=\"akismet-fields-container\" data-prefix=\"_wpcf7_ak_\"><label>&#916;<textarea name=\"_wpcf7_ak_hp_textarea\" cols=\"45\" rows=\"8\" maxlength=\"100\"><\/textarea><\/label><input type=\"hidden\" id=\"ak_js_1\" name=\"_wpcf7_ak_js\" value=\"157\"\/><script>document.getElementById( \"ak_js_1\" ).setAttribute( \"value\", ( new Date() ).getTime() );<\/script><\/p><div class=\"wpcf7-response-output\" aria-hidden=\"true\"><\/div>\n<\/form>\n<\/div>\n                            <\/div>\r\n                        <\/div>\r\n                    <\/div>\r\n                <\/div>\r\n            <\/div>\r\n        <\/section>\r\n        \t\t\t\t<\/div>\n\t\t\t\t<\/div>\n\t\t\t\t\t<\/div>\n\t\t<\/div>\n\t\t\t\t\t<\/div>\n\t\t<\/section>\n\t\t\t\t<section class=\"elementor-section elementor-top-section elementor-element elementor-element-267f1f5 elementor-section-full_width elementor-section-height-default elementor-section-height-default\" data-id=\"267f1f5\" data-element_type=\"section\">\n\t\t\t\t\t\t<div class=\"elementor-container elementor-column-gap-default\">\n\t\t\t\t\t<div class=\"elementor-column elementor-col-100 elementor-top-column elementor-element elementor-element-aae3a27\" data-id=\"aae3a27\" data-element_type=\"column\">\n\t\t\t<div class=\"elementor-widget-wrap elementor-element-populated\">\n\t\t\t\t\t\t<div class=\"elementor-element elementor-element-347aacf elementor-widget elementor-widget-heading\" data-id=\"347aacf\" data-element_type=\"widget\" data-widget_type=\"heading.default\">\n\t\t\t\t<div class=\"elementor-widget-container\">\n\t\t\t\t\t<h2 class=\"elementor-heading-title elementor-size-default\">Merkez Ofis<\/h2>\t\t\t\t<\/div>\n\t\t\t\t<\/div>\n\t\t\t\t<div class=\"elementor-element elementor-element-2e70098 elementor-widget elementor-widget-text-editor\" data-id=\"2e70098\" data-element_type=\"widget\" data-widget_type=\"text-editor.default\">\n\t\t\t\t<div class=\"elementor-widget-container\">\n\t\t\t\t\t\t\t\t\t<p>Merkez ofisimizin lokasyonunu a\u015fa\u011f\u0131da bulabilirsiniz.\u00a0<\/p>\t\t\t\t\t\t\t\t<\/div>\n\t\t\t\t<\/div>\n\t\t\t\t<div class=\"elementor-element elementor-element-ffb4d2e elementor-widget elementor-widget-google_maps\" data-id=\"ffb4d2e\" data-element_type=\"widget\" data-widget_type=\"google_maps.default\">\n\t\t\t\t<div class=\"elementor-widget-container\">\n\t\t\t\t\t\t\t<div class=\"elementor-custom-embed\">\n\t\t\t<iframe loading=\"lazy\"\n\t\t\t\t\tsrc=\"https:\/\/www.google.com\/maps\/embed\/v1\/place?key=AIzaSyAI-AhLng5XijyiiJe3tQXm844EPxKlxDk&#038;q=Nonwotech%20Dokusuz&#038;zoom=14\"\n\t\t\t\t\ttitle=\"Nonwotech Dokusuz\"\n\t\t\t\t\taria-label=\"Nonwotech Dokusuz\"\n\t\t\t><\/iframe>\n\t\t<\/div>\n\t\t\t\t\t\t<\/div>\n\t\t\t\t<\/div>\n\t\t\t\t\t<\/div>\n\t\t<\/div>\n\t\t\t\t\t<\/div>\n\t\t<\/section>\n\t\t\t\t<\/div>\n\t\t","protected":false},"excerpt":{"rendered":"<p>Merkez Ofis T\u00fcm sorular\u0131n\u0131z i\u00e7in bizimle ileti\u015fime ge\u00e7ebilirsiniz. Merkez OfisBeylikd\u00fcz\u00fc Osb Mah. Mermerciler San. Sit. 10. Cad. No:22 Beylikd\u00fcz\u00fc \/ \u0130stanbul Emailinfo@nonwotech.com.tr Telefon+90 (212) 875 45 45 Bizimle \u0130leti\u015fime Ge\u00e7in Mesaj G\u00f6nder &#916; Merkez Ofis Merkez ofisimizin lokasyonunu a\u015fa\u011f\u0131da bulabilirsiniz.\u00a0<\/p>\n","protected":false},"author":1,"featured_media":0,"parent":0,"menu_order":0,"comment_status":"closed","ping_status":"closed","template":"","meta":{"footnotes":""},"class_list":["post-1110","page","type-page","status-publish","hentry"],"_links":{"self":[{"href":"https:\/\/nonwotech.com\/index.php?rest_route=\/wp\/v2\/pages\/1110","targetHints":{"allow":["GET"]}}],"collection":[{"href":"https:\/\/nonwotech.com\/index.php?rest_route=\/wp\/v2\/pages"}],"about":[{"href":"https:\/\/nonwotech.com\/index.php?rest_route=\/wp\/v2\/types\/page"}],"author":[{"embeddable":true,"href":"https:\/\/nonwotech.com\/index.php?rest_route=\/wp\/v2\/users\/1"}],"replies":[{"embeddable":true,"href":"https:\/\/nonwotech.com\/index.php?rest_route=%2Fwp%2Fv2%2Fcomments&post=1110"}],"version-history":[{"count":49,"href":"https:\/\/nonwotech.com\/index.php?rest_route=\/wp\/v2\/pages\/1110\/revisions"}],"predecessor-version":[{"id":3326,"href":"https:\/\/nonwotech.com\/index.php?rest_route=\/wp\/v2\/pages\/1110\/revisions\/3326"}],"wp:attachment":[{"href":"https:\/\/nonwotech.com\/index.php?rest_route=%2Fwp%2Fv2%2Fmedia&parent=1110"}],"curies":[{"name":"wp","href":"https:\/\/api.w.org\/{rel}","templated":true}]}}