{"id":2621,"date":"2023-01-09T16:33:25","date_gmt":"2023-01-09T13:33:25","guid":{"rendered":"http:\/\/nonwotech.com\/?page_id=2621"},"modified":"2023-02-09T14:14:03","modified_gmt":"2023-02-09T11:14:03","slug":"misyon-ve-vizyon","status":"publish","type":"page","link":"https:\/\/nonwotech.com\/?page_id=2621","title":{"rendered":"Misyon ve Vizyon"},"content":{"rendered":"\t\t<div data-elementor-type=\"wp-page\" data-elementor-id=\"2621\" class=\"elementor elementor-2621\">\n\t\t\t\t\t\t<section class=\"elementor-section elementor-top-section elementor-element elementor-element-3884384 elementor-section-boxed elementor-section-height-default elementor-section-height-default\" data-id=\"3884384\" data-element_type=\"section\">\n\t\t\t\t\t\t<div class=\"elementor-container elementor-column-gap-default\">\n\t\t\t\t\t<div class=\"elementor-column elementor-col-100 elementor-top-column elementor-element elementor-element-7592c51\" data-id=\"7592c51\" data-element_type=\"column\">\n\t\t\t<div class=\"elementor-widget-wrap elementor-element-populated\">\n\t\t\t\t\t\t<div class=\"elementor-element elementor-element-2b40747 elementor-widget elementor-widget-spacer\" data-id=\"2b40747\" data-element_type=\"widget\" data-widget_type=\"spacer.default\">\n\t\t\t\t<div class=\"elementor-widget-container\">\n\t\t\t\t\t\t\t<div class=\"elementor-spacer\">\n\t\t\t<div class=\"elementor-spacer-inner\"><\/div>\n\t\t<\/div>\n\t\t\t\t\t\t<\/div>\n\t\t\t\t<\/div>\n\t\t\t\t\t<\/div>\n\t\t<\/div>\n\t\t\t\t\t<\/div>\n\t\t<\/section>\n\t\t\t\t<section class=\"elementor-section elementor-top-section elementor-element elementor-element-b9e6777 elementor-section-boxed elementor-section-height-default elementor-section-height-default\" data-id=\"b9e6777\" data-element_type=\"section\">\n\t\t\t\t\t\t<div class=\"elementor-container elementor-column-gap-default\">\n\t\t\t\t\t<div class=\"elementor-column elementor-col-100 elementor-top-column elementor-element elementor-element-b8df1b5\" data-id=\"b8df1b5\" data-element_type=\"column\">\n\t\t\t<div class=\"elementor-widget-wrap elementor-element-populated\">\n\t\t\t\t\t\t<div class=\"elementor-element elementor-element-cfc669d elementor-widget elementor-widget-heading\" data-id=\"cfc669d\" data-element_type=\"widget\" data-widget_type=\"heading.default\">\n\t\t\t\t<div class=\"elementor-widget-container\">\n\t\t\t\t\t<h2 class=\"elementor-heading-title elementor-size-default\">Misyon ve Vizyon<\/h2>\t\t\t\t<\/div>\n\t\t\t\t<\/div>\n\t\t\t\t\t<\/div>\n\t\t<\/div>\n\t\t\t\t\t<\/div>\n\t\t<\/section>\n\t\t\t\t<section class=\"elementor-section elementor-top-section elementor-element elementor-element-5d3501d elementor-section-boxed elementor-section-height-default elementor-section-height-default\" data-id=\"5d3501d\" data-element_type=\"section\">\n\t\t\t\t\t\t<div class=\"elementor-container elementor-column-gap-default\">\n\t\t\t\t\t<div class=\"elementor-column elementor-col-50 elementor-top-column elementor-element elementor-element-5d7e490\" data-id=\"5d7e490\" data-element_type=\"column\">\n\t\t\t<div class=\"elementor-widget-wrap elementor-element-populated\">\n\t\t\t\t\t\t<div class=\"elementor-element elementor-element-1738efe elementor-widget elementor-widget-image\" data-id=\"1738efe\" data-element_type=\"widget\" data-widget_type=\"image.default\">\n\t\t\t\t<div class=\"elementor-widget-container\">\n\t\t\t\t\t\t\t\t\t\t\t\t\t\t\t<img fetchpriority=\"high\" decoding=\"async\" width=\"640\" height=\"419\" src=\"https:\/\/nonwotech.com\/wp-content\/uploads\/2023\/01\/misyon.jpg\" class=\"attachment-large size-large wp-image-2633\" alt=\"\" srcset=\"https:\/\/nonwotech.com\/wp-content\/uploads\/2023\/01\/misyon.jpg 1000w, https:\/\/nonwotech.com\/wp-content\/uploads\/2023\/01\/misyon-300x197.jpg 300w, https:\/\/nonwotech.com\/wp-content\/uploads\/2023\/01\/misyon-768x503.jpg 768w, https:\/\/nonwotech.com\/wp-content\/uploads\/2023\/01\/misyon-737x483.jpg 737w\" sizes=\"(max-width: 640px) 100vw, 640px\" \/>\t\t\t\t\t\t\t\t\t\t\t\t\t\t\t<\/div>\n\t\t\t\t<\/div>\n\t\t\t\t\t<\/div>\n\t\t<\/div>\n\t\t\t\t<div class=\"elementor-column elementor-col-50 elementor-top-column elementor-element elementor-element-b24f47b\" data-id=\"b24f47b\" data-element_type=\"column\">\n\t\t\t<div class=\"elementor-widget-wrap elementor-element-populated\">\n\t\t\t\t\t\t<div class=\"elementor-element elementor-element-bfee665 elementor-widget elementor-widget-text-editor\" data-id=\"bfee665\" data-element_type=\"widget\" data-widget_type=\"text-editor.default\">\n\t\t\t\t<div class=\"elementor-widget-container\">\n\t\t\t\t\t\t\t\t\t<h4>Vizyon<\/h4><p>\u201c\u0130\u015finin en iyisini yap\u201d ilkesi, kalitemizi iyi hizmetle ger\u00e7ekle\u015ftirmek ve m\u00fc\u015fterilerimizin memnuniyetini art\u0131rmakt\u0131r.<\/p>\t\t\t\t\t\t\t\t<\/div>\n\t\t\t\t<\/div>\n\t\t\t\t\t<\/div>\n\t\t<\/div>\n\t\t\t\t\t<\/div>\n\t\t<\/section>\n\t\t\t\t<section class=\"elementor-section elementor-top-section elementor-element elementor-element-d13bc36 elementor-section-boxed elementor-section-height-default elementor-section-height-default\" data-id=\"d13bc36\" data-element_type=\"section\">\n\t\t\t\t\t\t<div class=\"elementor-container elementor-column-gap-default\">\n\t\t\t\t\t<div class=\"elementor-column elementor-col-50 elementor-top-column elementor-element elementor-element-56cc0f7\" data-id=\"56cc0f7\" data-element_type=\"column\">\n\t\t\t<div class=\"elementor-widget-wrap elementor-element-populated\">\n\t\t\t\t\t\t<div class=\"elementor-element elementor-element-4845a73 elementor-widget elementor-widget-text-editor\" data-id=\"4845a73\" data-element_type=\"widget\" data-widget_type=\"text-editor.default\">\n\t\t\t\t<div class=\"elementor-widget-container\">\n\t\t\t\t\t\t\t\t\t<h4>Misyon<\/h4><p>Yenilik\u00e7i ve yat\u0131r\u0131mc\u0131 ki\u015fili\u011fimiz, s\u00fcrekli iyile\u015ftirme stratejimiz ile yerli ve yabanc\u0131 m\u00fc\u015fteri portf\u00f6y\u00fcm\u00fcz\u00fc en \u00fcst seviyede tutmak, tecr\u00fcbemizi birle\u015ftirerek m\u00fc\u015fteri memnuniyeti kalitemizi hizmetinize sunmak.<\/p>\t\t\t\t\t\t\t\t<\/div>\n\t\t\t\t<\/div>\n\t\t\t\t\t<\/div>\n\t\t<\/div>\n\t\t\t\t<div class=\"elementor-column elementor-col-50 elementor-top-column elementor-element elementor-element-43c4667\" data-id=\"43c4667\" data-element_type=\"column\">\n\t\t\t<div class=\"elementor-widget-wrap elementor-element-populated\">\n\t\t\t\t\t\t<div class=\"elementor-element elementor-element-880bb3e elementor-widget elementor-widget-image\" data-id=\"880bb3e\" data-element_type=\"widget\" data-widget_type=\"image.default\">\n\t\t\t\t<div class=\"elementor-widget-container\">\n\t\t\t\t\t\t\t\t\t\t\t\t\t\t\t<img decoding=\"async\" width=\"640\" height=\"419\" src=\"https:\/\/nonwotech.com\/wp-content\/uploads\/2023\/01\/vizyon.jpg\" class=\"attachment-large size-large wp-image-2632\" alt=\"\" srcset=\"https:\/\/nonwotech.com\/wp-content\/uploads\/2023\/01\/vizyon.jpg 1000w, https:\/\/nonwotech.com\/wp-content\/uploads\/2023\/01\/vizyon-300x197.jpg 300w, https:\/\/nonwotech.com\/wp-content\/uploads\/2023\/01\/vizyon-768x503.jpg 768w, https:\/\/nonwotech.com\/wp-content\/uploads\/2023\/01\/vizyon-737x483.jpg 737w\" sizes=\"(max-width: 640px) 100vw, 640px\" \/>\t\t\t\t\t\t\t\t\t\t\t\t\t\t\t<\/div>\n\t\t\t\t<\/div>\n\t\t\t\t\t<\/div>\n\t\t<\/div>\n\t\t\t\t\t<\/div>\n\t\t<\/section>\n\t\t\t\t<\/div>\n\t\t","protected":false},"excerpt":{"rendered":"<p>Misyon ve Vizyon Vizyon \u201c\u0130\u015finin en iyisini yap\u201d ilkesi, kalitemizi iyi hizmetle ger\u00e7ekle\u015ftirmek ve m\u00fc\u015fterilerimizin memnuniyetini art\u0131rmakt\u0131r. Misyon Yenilik\u00e7i ve yat\u0131r\u0131mc\u0131 ki\u015fili\u011fimiz, s\u00fcrekli iyile\u015ftirme stratejimiz ile yerli ve yabanc\u0131 m\u00fc\u015fteri portf\u00f6y\u00fcm\u00fcz\u00fc en \u00fcst seviyede tutmak, tecr\u00fcbemizi birle\u015ftirerek m\u00fc\u015fteri memnuniyeti kalitemizi hizmetinize sunmak.<\/p>\n","protected":false},"author":1,"featured_media":0,"parent":0,"menu_order":0,"comment_status":"closed","ping_status":"closed","template":"","meta":{"footnotes":""},"class_list":["post-2621","page","type-page","status-publish","hentry"],"_links":{"self":[{"href":"https:\/\/nonwotech.com\/index.php?rest_route=\/wp\/v2\/pages\/2621","targetHints":{"allow":["GET"]}}],"collection":[{"href":"https:\/\/nonwotech.com\/index.php?rest_route=\/wp\/v2\/pages"}],"about":[{"href":"https:\/\/nonwotech.com\/index.php?rest_route=\/wp\/v2\/types\/page"}],"author":[{"embeddable":true,"href":"https:\/\/nonwotech.com\/index.php?rest_route=\/wp\/v2\/users\/1"}],"replies":[{"embeddable":true,"href":"https:\/\/nonwotech.com\/index.php?rest_route=%2Fwp%2Fv2%2Fcomments&post=2621"}],"version-history":[{"count":16,"href":"https:\/\/nonwotech.com\/index.php?rest_route=\/wp\/v2\/pages\/2621\/revisions"}],"predecessor-version":[{"id":3067,"href":"https:\/\/nonwotech.com\/index.php?rest_route=\/wp\/v2\/pages\/2621\/revisions\/3067"}],"wp:attachment":[{"href":"https:\/\/nonwotech.com\/index.php?rest_route=%2Fwp%2Fv2%2Fmedia&parent=2621"}],"curies":[{"name":"wp","href":"https:\/\/api.w.org\/{rel}","templated":true}]}}