{"id":2641,"date":"2023-01-09T16:51:14","date_gmt":"2023-01-09T13:51:14","guid":{"rendered":"http:\/\/nonwotech.com\/?page_id=2641"},"modified":"2024-01-17T23:18:42","modified_gmt":"2024-01-17T20:18:42","slug":"sorumluluklarimiz","status":"publish","type":"page","link":"https:\/\/nonwotech.com\/?page_id=2641","title":{"rendered":"Sorumluluklar\u0131m\u0131z"},"content":{"rendered":"\t\t<div data-elementor-type=\"wp-page\" data-elementor-id=\"2641\" class=\"elementor elementor-2641\">\n\t\t\t\t\t\t<section class=\"elementor-section elementor-top-section elementor-element elementor-element-29baa25 elementor-section-boxed elementor-section-height-default elementor-section-height-default\" data-id=\"29baa25\" data-element_type=\"section\">\n\t\t\t\t\t\t<div class=\"elementor-container elementor-column-gap-default\">\n\t\t\t\t\t<div class=\"elementor-column elementor-col-100 elementor-top-column elementor-element elementor-element-5db8d1a\" data-id=\"5db8d1a\" data-element_type=\"column\">\n\t\t\t<div class=\"elementor-widget-wrap elementor-element-populated\">\n\t\t\t\t\t\t<div class=\"elementor-element elementor-element-6f977c3 elementor-widget elementor-widget-spacer\" data-id=\"6f977c3\" data-element_type=\"widget\" data-widget_type=\"spacer.default\">\n\t\t\t\t<div class=\"elementor-widget-container\">\n\t\t\t\t\t\t\t<div class=\"elementor-spacer\">\n\t\t\t<div class=\"elementor-spacer-inner\"><\/div>\n\t\t<\/div>\n\t\t\t\t\t\t<\/div>\n\t\t\t\t<\/div>\n\t\t\t\t<div class=\"elementor-element elementor-element-a4a33e7 elementor-widget elementor-widget-image\" data-id=\"a4a33e7\" data-element_type=\"widget\" data-widget_type=\"image.default\">\n\t\t\t\t<div class=\"elementor-widget-container\">\n\t\t\t\t\t\t\t\t\t\t\t\t\t\t\t<img fetchpriority=\"high\" decoding=\"async\" width=\"1600\" height=\"500\" src=\"https:\/\/nonwotech.com\/wp-content\/uploads\/2023\/01\/gorsel213.jpg\" class=\"attachment-full size-full wp-image-2931\" alt=\"\" srcset=\"https:\/\/nonwotech.com\/wp-content\/uploads\/2023\/01\/gorsel213.jpg 1600w, https:\/\/nonwotech.com\/wp-content\/uploads\/2023\/01\/gorsel213-300x94.jpg 300w, https:\/\/nonwotech.com\/wp-content\/uploads\/2023\/01\/gorsel213-1024x320.jpg 1024w, https:\/\/nonwotech.com\/wp-content\/uploads\/2023\/01\/gorsel213-768x240.jpg 768w, https:\/\/nonwotech.com\/wp-content\/uploads\/2023\/01\/gorsel213-1536x480.jpg 1536w, https:\/\/nonwotech.com\/wp-content\/uploads\/2023\/01\/gorsel213-870x272.jpg 870w\" sizes=\"(max-width: 1600px) 100vw, 1600px\" \/>\t\t\t\t\t\t\t\t\t\t\t\t\t\t\t<\/div>\n\t\t\t\t<\/div>\n\t\t\t\t\t<\/div>\n\t\t<\/div>\n\t\t\t\t\t<\/div>\n\t\t<\/section>\n\t\t\t\t<section class=\"elementor-section elementor-top-section elementor-element elementor-element-e9851d7 elementor-section-boxed elementor-section-height-default elementor-section-height-default\" data-id=\"e9851d7\" data-element_type=\"section\">\n\t\t\t\t\t\t<div class=\"elementor-container elementor-column-gap-default\">\n\t\t\t\t\t<div class=\"elementor-column elementor-col-100 elementor-top-column elementor-element elementor-element-3ed3f6f\" data-id=\"3ed3f6f\" data-element_type=\"column\">\n\t\t\t<div class=\"elementor-widget-wrap elementor-element-populated\">\n\t\t\t\t\t\t<div class=\"elementor-element elementor-element-66c947b elementor-widget elementor-widget-spacer\" data-id=\"66c947b\" data-element_type=\"widget\" data-widget_type=\"spacer.default\">\n\t\t\t\t<div class=\"elementor-widget-container\">\n\t\t\t\t\t\t\t<div class=\"elementor-spacer\">\n\t\t\t<div class=\"elementor-spacer-inner\"><\/div>\n\t\t<\/div>\n\t\t\t\t\t\t<\/div>\n\t\t\t\t<\/div>\n\t\t\t\t<div class=\"elementor-element elementor-element-469de97 elementor-widget elementor-widget-heading\" data-id=\"469de97\" data-element_type=\"widget\" data-widget_type=\"heading.default\">\n\t\t\t\t<div class=\"elementor-widget-container\">\n\t\t\t\t\t<h2 class=\"elementor-heading-title elementor-size-default\">Sorumluluklar\u0131m\u0131z<\/h2>\t\t\t\t<\/div>\n\t\t\t\t<\/div>\n\t\t\t\t<div class=\"elementor-element elementor-element-ba879bb elementor-widget elementor-widget-text-editor\" data-id=\"ba879bb\" data-element_type=\"widget\" data-widget_type=\"text-editor.default\">\n\t\t\t\t<div class=\"elementor-widget-container\">\n\t\t\t\t\t\t\t\t\t<h6>Kalite Anlay\u0131\u015f\u0131m\u0131z<\/h6><p>Hizmet verdi\u011fimiz sekt\u00f6rlerde; sekt\u00f6r\u00fcn ihtiya\u00e7 ve beklentilerine y\u00f6nelik olarak \u00fcretim faaliyetlerimizi payda\u015flar\u0131m\u0131z\u0131n memnuniyetini sa\u011flamak ve s\u00fcrd\u00fcr\u00fclebilir k\u0131lmak i\u00e7in \u00fcr\u00fcn kontrollerini yaparak d\u00fcnya standartlar\u0131nda sertifika ve belgelendirmelerini sa\u011flamaktay\u0131z.<\/p>\t\t\t\t\t\t\t\t<\/div>\n\t\t\t\t<\/div>\n\t\t\t\t\t<\/div>\n\t\t<\/div>\n\t\t\t\t\t<\/div>\n\t\t<\/section>\n\t\t\t\t<section class=\"elementor-section elementor-top-section elementor-element elementor-element-2b2b549d elementor-section-boxed elementor-section-height-default elementor-section-height-default\" data-id=\"2b2b549d\" data-element_type=\"section\">\n\t\t\t\t\t\t<div class=\"elementor-container elementor-column-gap-default\">\n\t\t\t\t\t<div class=\"elementor-column elementor-col-100 elementor-top-column elementor-element elementor-element-28e07d0f\" data-id=\"28e07d0f\" data-element_type=\"column\">\n\t\t\t<div class=\"elementor-widget-wrap elementor-element-populated\">\n\t\t\t\t\t\t<div class=\"elementor-element elementor-element-c7c6525 elementor-widget elementor-widget-accordion\" data-id=\"c7c6525\" data-element_type=\"widget\" data-widget_type=\"accordion.default\">\n\t\t\t\t<div class=\"elementor-widget-container\">\n\t\t\t\t\t\t\t<div class=\"elementor-accordion\">\n\t\t\t\t\t\t\t<div class=\"elementor-accordion-item\">\n\t\t\t\t\t<div id=\"elementor-tab-title-2091\" class=\"elementor-tab-title\" data-tab=\"1\" role=\"button\" aria-controls=\"elementor-tab-content-2091\" aria-expanded=\"false\">\n\t\t\t\t\t\t\t\t\t\t\t\t\t<span class=\"elementor-accordion-icon elementor-accordion-icon-left\" aria-hidden=\"true\">\n\t\t\t\t\t\t\t\t\t\t\t\t\t\t\t<span class=\"elementor-accordion-icon-closed\"><i class=\"fas fa-angle-right\"><\/i><\/span>\n\t\t\t\t\t\t\t\t<span class=\"elementor-accordion-icon-opened\"><i class=\"fas fa-minus\"><\/i><\/span>\n\t\t\t\t\t\t\t\t\t\t\t\t\t\t<\/span>\n\t\t\t\t\t\t\t\t\t\t\t\t<a class=\"elementor-accordion-title\" tabindex=\"0\">M\u00fc\u015fterilerimize Kar\u015f\u0131<\/a>\n\t\t\t\t\t<\/div>\n\t\t\t\t\t<div id=\"elementor-tab-content-2091\" class=\"elementor-tab-content elementor-clearfix\" data-tab=\"1\" role=\"region\" aria-labelledby=\"elementor-tab-title-2091\"><ul><li class=\"list-item-title\">Bizden bekledikleri \u00fcr\u00fcn ve hizmetleri h\u0131zl\u0131 ve kaliteli bir \u015fekilde ger\u00e7ekle\u015ftirmek.<\/li><li class=\"list-item-title\">\u0130\u015fimizi yapma imkan\u0131 sa\u011flayan m\u00fc\u015fterilerimizle ili\u015fkilerimiz; g\u00fcven, kalite ve samimiyet \u00e7er\u00e7evesinde sa\u011flamak.<\/li><\/ul><\/div>\n\t\t\t\t<\/div>\n\t\t\t\t\t\t\t<div class=\"elementor-accordion-item\">\n\t\t\t\t\t<div id=\"elementor-tab-title-2092\" class=\"elementor-tab-title\" data-tab=\"2\" role=\"button\" aria-controls=\"elementor-tab-content-2092\" aria-expanded=\"false\">\n\t\t\t\t\t\t\t\t\t\t\t\t\t<span class=\"elementor-accordion-icon elementor-accordion-icon-left\" aria-hidden=\"true\">\n\t\t\t\t\t\t\t\t\t\t\t\t\t\t\t<span class=\"elementor-accordion-icon-closed\"><i class=\"fas fa-angle-right\"><\/i><\/span>\n\t\t\t\t\t\t\t\t<span class=\"elementor-accordion-icon-opened\"><i class=\"fas fa-minus\"><\/i><\/span>\n\t\t\t\t\t\t\t\t\t\t\t\t\t\t<\/span>\n\t\t\t\t\t\t\t\t\t\t\t\t<a class=\"elementor-accordion-title\" tabindex=\"0\">Personelimize Kar\u015f\u0131<\/a>\n\t\t\t\t\t<\/div>\n\t\t\t\t\t<div id=\"elementor-tab-content-2092\" class=\"elementor-tab-content elementor-clearfix\" data-tab=\"2\" role=\"region\" aria-labelledby=\"elementor-tab-title-2092\"><div class=\"thw-list-item \"><div class=\"thw-list-item \"><ul><li class=\"list-item-title\">Kisbu ailesinde \u00e7al\u0131\u015fan herkese verimli \u00e7al\u0131\u015fma ve ki\u015fisel geli\u015fim f\u0131rsatlar\u0131 sa\u011flamak.<\/li><li class=\"list-item-title\">Sadece i\u015f alan\u0131nda de\u011fil her alanda destek\u00e7isi olmak.<\/li><li class=\"list-item-title\">Kisbu b\u00fcnyesinde kendilerine en uygun pozisyonda \u00e7al\u0131\u015fma imkan\u0131 sa\u011flamak.<\/li><\/ul><\/div><\/div><\/div>\n\t\t\t\t<\/div>\n\t\t\t\t\t\t\t<div class=\"elementor-accordion-item\">\n\t\t\t\t\t<div id=\"elementor-tab-title-2093\" class=\"elementor-tab-title\" data-tab=\"3\" role=\"button\" aria-controls=\"elementor-tab-content-2093\" aria-expanded=\"false\">\n\t\t\t\t\t\t\t\t\t\t\t\t\t<span class=\"elementor-accordion-icon elementor-accordion-icon-left\" aria-hidden=\"true\">\n\t\t\t\t\t\t\t\t\t\t\t\t\t\t\t<span class=\"elementor-accordion-icon-closed\"><i class=\"fas fa-angle-right\"><\/i><\/span>\n\t\t\t\t\t\t\t\t<span class=\"elementor-accordion-icon-opened\"><i class=\"fas fa-minus\"><\/i><\/span>\n\t\t\t\t\t\t\t\t\t\t\t\t\t\t<\/span>\n\t\t\t\t\t\t\t\t\t\t\t\t<a class=\"elementor-accordion-title\" tabindex=\"0\">\u00dclkemize Kar\u015f\u0131<\/a>\n\t\t\t\t\t<\/div>\n\t\t\t\t\t<div id=\"elementor-tab-content-2093\" class=\"elementor-tab-content elementor-clearfix\" data-tab=\"3\" role=\"region\" aria-labelledby=\"elementor-tab-title-2093\"><div class=\"thw-list-item \"><div class=\"list-item-title\"><ul><li><span style=\"color: #787878; font-size: 14px;\">Uluslararas\u0131 arenada yapt\u0131\u011f\u0131m\u0131z ihracatlar ve kat\u0131ld\u0131\u011f\u0131m\u0131z fuarlar ile \u00fclkemizi en iyi \u015fekilde temsil etmek.<\/span><\/li><li><span style=\"color: #787878; font-size: 14px;\">Sekt\u00f6rel bilgi ve tecr\u00fcbemizi \u00fcretime yans\u0131tarak yerli \u00fcretimin kalitesini art\u0131rmak.<\/span><\/li><li><span style=\"color: #787878; font-size: 14px;\">Yerel \u015firketlerimiz i\u00e7in yeni pazarlar yaratmak<\/span><span style=\"color: #787878; font-size: 14px;\">\u00c7al\u0131\u015fan n\u00fcfus i\u00e7in yeni istihdam alanlar\u0131n\u0131n a\u00e7\u0131lmas\u0131.<\/span><\/li><\/ul><\/div><\/div><\/div>\n\t\t\t\t<\/div>\n\t\t\t\t\t\t\t\t<\/div>\n\t\t\t\t\t\t<\/div>\n\t\t\t\t<\/div>\n\t\t\t\t\t<\/div>\n\t\t<\/div>\n\t\t\t\t\t<\/div>\n\t\t<\/section>\n\t\t\t\t<\/div>\n\t\t","protected":false},"excerpt":{"rendered":"<p>Sorumluluklar\u0131m\u0131z Kalite Anlay\u0131\u015f\u0131m\u0131z Hizmet verdi\u011fimiz sekt\u00f6rlerde; sekt\u00f6r\u00fcn ihtiya\u00e7 ve beklentilerine y\u00f6nelik olarak \u00fcretim faaliyetlerimizi payda\u015flar\u0131m\u0131z\u0131n memnuniyetini sa\u011flamak ve s\u00fcrd\u00fcr\u00fclebilir k\u0131lmak i\u00e7in \u00fcr\u00fcn kontrollerini yaparak d\u00fcnya standartlar\u0131nda sertifika ve belgelendirmelerini sa\u011flamaktay\u0131z. M\u00fc\u015fterilerimize Kar\u015f\u0131 Bizden bekledikleri \u00fcr\u00fcn ve hizmetleri h\u0131zl\u0131 ve kaliteli bir \u015fekilde ger\u00e7ekle\u015ftirmek. \u0130\u015fimizi yapma imkan\u0131 sa\u011flayan m\u00fc\u015fterilerimizle ili\u015fkilerimiz; g\u00fcven, kalite ve samimiyet \u00e7er\u00e7evesinde sa\u011flamak. [&hellip;]<\/p>\n","protected":false},"author":1,"featured_media":0,"parent":0,"menu_order":0,"comment_status":"closed","ping_status":"closed","template":"","meta":{"footnotes":""},"class_list":["post-2641","page","type-page","status-publish","hentry"],"_links":{"self":[{"href":"https:\/\/nonwotech.com\/index.php?rest_route=\/wp\/v2\/pages\/2641","targetHints":{"allow":["GET"]}}],"collection":[{"href":"https:\/\/nonwotech.com\/index.php?rest_route=\/wp\/v2\/pages"}],"about":[{"href":"https:\/\/nonwotech.com\/index.php?rest_route=\/wp\/v2\/types\/page"}],"author":[{"embeddable":true,"href":"https:\/\/nonwotech.com\/index.php?rest_route=\/wp\/v2\/users\/1"}],"replies":[{"embeddable":true,"href":"https:\/\/nonwotech.com\/index.php?rest_route=%2Fwp%2Fv2%2Fcomments&post=2641"}],"version-history":[{"count":16,"href":"https:\/\/nonwotech.com\/index.php?rest_route=\/wp\/v2\/pages\/2641\/revisions"}],"predecessor-version":[{"id":3264,"href":"https:\/\/nonwotech.com\/index.php?rest_route=\/wp\/v2\/pages\/2641\/revisions\/3264"}],"wp:attachment":[{"href":"https:\/\/nonwotech.com\/index.php?rest_route=%2Fwp%2Fv2%2Fmedia&parent=2641"}],"curies":[{"name":"wp","href":"https:\/\/api.w.org\/{rel}","templated":true}]}}