{"id":2648,"date":"2023-01-09T17:08:47","date_gmt":"2023-01-09T14:08:47","guid":{"rendered":"http:\/\/nonwotech.com\/?page_id=2648"},"modified":"2023-12-25T20:21:49","modified_gmt":"2023-12-25T17:21:49","slug":"insan-kaynaklari","status":"publish","type":"page","link":"https:\/\/nonwotech.com\/?page_id=2648","title":{"rendered":"\u0130nsan Kaynaklar\u0131"},"content":{"rendered":"\t\t<div data-elementor-type=\"wp-page\" data-elementor-id=\"2648\" class=\"elementor elementor-2648\">\n\t\t\t\t\t\t<section class=\"elementor-section elementor-top-section elementor-element elementor-element-8377624 elementor-section-boxed elementor-section-height-default elementor-section-height-default\" data-id=\"8377624\" data-element_type=\"section\">\n\t\t\t\t\t\t<div class=\"elementor-container elementor-column-gap-default\">\n\t\t\t\t\t<div class=\"elementor-column elementor-col-100 elementor-top-column elementor-element elementor-element-7a8c92f\" data-id=\"7a8c92f\" data-element_type=\"column\">\n\t\t\t<div class=\"elementor-widget-wrap elementor-element-populated\">\n\t\t\t\t\t\t<div class=\"elementor-element elementor-element-96dde1b elementor-widget elementor-widget-spacer\" data-id=\"96dde1b\" data-element_type=\"widget\" data-widget_type=\"spacer.default\">\n\t\t\t\t<div class=\"elementor-widget-container\">\n\t\t\t\t\t\t\t<div class=\"elementor-spacer\">\n\t\t\t<div class=\"elementor-spacer-inner\"><\/div>\n\t\t<\/div>\n\t\t\t\t\t\t<\/div>\n\t\t\t\t<\/div>\n\t\t\t\t<div class=\"elementor-element elementor-element-f805ca8 elementor-widget elementor-widget-image\" data-id=\"f805ca8\" data-element_type=\"widget\" data-widget_type=\"image.default\">\n\t\t\t\t<div class=\"elementor-widget-container\">\n\t\t\t\t\t\t\t\t\t\t\t\t\t\t\t<img fetchpriority=\"high\" decoding=\"async\" width=\"1600\" height=\"500\" src=\"https:\/\/nonwotech.com\/wp-content\/uploads\/2023\/01\/hr4.jpg\" class=\"attachment-full size-full wp-image-2908\" alt=\"\" srcset=\"https:\/\/nonwotech.com\/wp-content\/uploads\/2023\/01\/hr4.jpg 1600w, https:\/\/nonwotech.com\/wp-content\/uploads\/2023\/01\/hr4-300x94.jpg 300w, https:\/\/nonwotech.com\/wp-content\/uploads\/2023\/01\/hr4-1024x320.jpg 1024w, https:\/\/nonwotech.com\/wp-content\/uploads\/2023\/01\/hr4-768x240.jpg 768w, https:\/\/nonwotech.com\/wp-content\/uploads\/2023\/01\/hr4-1536x480.jpg 1536w, https:\/\/nonwotech.com\/wp-content\/uploads\/2023\/01\/hr4-870x272.jpg 870w\" sizes=\"(max-width: 1600px) 100vw, 1600px\" \/>\t\t\t\t\t\t\t\t\t\t\t\t\t\t\t<\/div>\n\t\t\t\t<\/div>\n\t\t\t\t<div class=\"elementor-element elementor-element-d1aa190 elementor-widget elementor-widget-heading\" data-id=\"d1aa190\" data-element_type=\"widget\" data-widget_type=\"heading.default\">\n\t\t\t\t<div class=\"elementor-widget-container\">\n\t\t\t\t\t<h2 class=\"elementor-heading-title elementor-size-default\">\u0130NSAN KAYNAKLARI<\/h2>\t\t\t\t<\/div>\n\t\t\t\t<\/div>\n\t\t\t\t\t<\/div>\n\t\t<\/div>\n\t\t\t\t\t<\/div>\n\t\t<\/section>\n\t\t\t\t<section class=\"elementor-section elementor-top-section elementor-element elementor-element-fb0945e elementor-section-boxed elementor-section-height-default elementor-section-height-default\" data-id=\"fb0945e\" data-element_type=\"section\">\n\t\t\t\t\t\t<div class=\"elementor-container elementor-column-gap-default\">\n\t\t\t\t\t<div class=\"elementor-column elementor-col-100 elementor-top-column elementor-element elementor-element-e680a51\" data-id=\"e680a51\" data-element_type=\"column\">\n\t\t\t<div class=\"elementor-widget-wrap elementor-element-populated\">\n\t\t\t\t\t\t<div class=\"elementor-element elementor-element-fffb311 elementor-widget elementor-widget-text-editor\" data-id=\"fffb311\" data-element_type=\"widget\" data-widget_type=\"text-editor.default\">\n\t\t\t\t<div class=\"elementor-widget-container\">\n\t\t\t\t\t\t\t\t\t<p><strong>Nonwotech<\/strong>\u00a0olarak amac\u0131m\u0131z, kurum k\u00fclt\u00fcr\u00fcne ve ortak de\u011ferlere uyum sa\u011flayabilen, pozisyonun gerektirdi\u011fi nitelik ve yetkinliklere sahip adaylar\u0131 b\u00fcnyemize katmakt\u0131r. \u00e7al\u0131\u015facak, geli\u015fime ve de\u011fi\u015fime a\u00e7\u0131k olanlar.<\/p><p>Bu ama\u00e7la b\u00fcnyemizde pozisyonun gerektirdi\u011fi e\u011fitim, bilgi ve yetkinliklere sahip adaylar\u0131 istihdam etmeyi ama\u00e7l\u0131yoruz.<\/p><p><strong>Nonwotech<\/strong>\u00a0Ailesine kat\u0131lmak istiyorsan\u0131z;<\/p><p>Bizimle ileti\u015fime ge\u00e7ebilirsiniz\u2026<\/p>\t\t\t\t\t\t\t\t<\/div>\n\t\t\t\t<\/div>\n\t\t\t\t\t<\/div>\n\t\t<\/div>\n\t\t\t\t\t<\/div>\n\t\t<\/section>\n\t\t\t\t<section class=\"elementor-section elementor-top-section elementor-element elementor-element-f052179 elementor-section-boxed elementor-section-height-default elementor-section-height-default\" data-id=\"f052179\" data-element_type=\"section\">\n\t\t\t\t\t\t<div class=\"elementor-container elementor-column-gap-default\">\n\t\t\t\t\t<div class=\"elementor-column elementor-col-100 elementor-top-column elementor-element elementor-element-7a04f3e\" data-id=\"7a04f3e\" data-element_type=\"column\">\n\t\t\t<div class=\"elementor-widget-wrap elementor-element-populated\">\n\t\t\t\t\t\t<div class=\"elementor-element elementor-element-069d42a elementor-widget elementor-widget-heading\" data-id=\"069d42a\" data-element_type=\"widget\" data-widget_type=\"heading.default\">\n\t\t\t\t<div class=\"elementor-widget-container\">\n\t\t\t\t\t<h2 class=\"elementor-heading-title elementor-size-default\">DE\u011eERLER\u0130M\u0130Z<\/h2>\t\t\t\t<\/div>\n\t\t\t\t<\/div>\n\t\t\t\t\t<\/div>\n\t\t<\/div>\n\t\t\t\t\t<\/div>\n\t\t<\/section>\n\t\t\t\t<section class=\"elementor-section elementor-top-section elementor-element elementor-element-abd84e9 elementor-section-boxed elementor-section-height-default elementor-section-height-default\" data-id=\"abd84e9\" data-element_type=\"section\">\n\t\t\t\t\t\t<div class=\"elementor-container elementor-column-gap-default\">\n\t\t\t\t\t<div class=\"elementor-column elementor-col-50 elementor-top-column elementor-element elementor-element-0f0550b\" data-id=\"0f0550b\" data-element_type=\"column\">\n\t\t\t<div class=\"elementor-widget-wrap elementor-element-populated\">\n\t\t\t\t\t\t<div class=\"elementor-element elementor-element-09b8eca elementor-widget elementor-widget-image\" data-id=\"09b8eca\" data-element_type=\"widget\" data-widget_type=\"image.default\">\n\t\t\t\t<div class=\"elementor-widget-container\">\n\t\t\t\t\t\t\t\t\t\t\t\t\t\t\t<img decoding=\"async\" width=\"640\" height=\"448\" src=\"https:\/\/nonwotech.com\/wp-content\/uploads\/2023\/01\/hr3.jpg\" class=\"attachment-large size-large wp-image-2895\" alt=\"\" srcset=\"https:\/\/nonwotech.com\/wp-content\/uploads\/2023\/01\/hr3.jpg 1000w, https:\/\/nonwotech.com\/wp-content\/uploads\/2023\/01\/hr3-300x210.jpg 300w, https:\/\/nonwotech.com\/wp-content\/uploads\/2023\/01\/hr3-768x538.jpg 768w, https:\/\/nonwotech.com\/wp-content\/uploads\/2023\/01\/hr3-690x483.jpg 690w\" sizes=\"(max-width: 640px) 100vw, 640px\" \/>\t\t\t\t\t\t\t\t\t\t\t\t\t\t\t<\/div>\n\t\t\t\t<\/div>\n\t\t\t\t\t<\/div>\n\t\t<\/div>\n\t\t\t\t<div class=\"elementor-column elementor-col-50 elementor-top-column elementor-element elementor-element-aa62a39\" data-id=\"aa62a39\" data-element_type=\"column\">\n\t\t\t<div class=\"elementor-widget-wrap elementor-element-populated\">\n\t\t\t\t\t\t<div class=\"elementor-element elementor-element-625ca2b elementor-widget elementor-widget-spacer\" data-id=\"625ca2b\" data-element_type=\"widget\" data-widget_type=\"spacer.default\">\n\t\t\t\t<div class=\"elementor-widget-container\">\n\t\t\t\t\t\t\t<div class=\"elementor-spacer\">\n\t\t\t<div class=\"elementor-spacer-inner\"><\/div>\n\t\t<\/div>\n\t\t\t\t\t\t<\/div>\n\t\t\t\t<\/div>\n\t\t\t\t<div class=\"elementor-element elementor-element-4a5b9d9 elementor-widget elementor-widget-heading\" data-id=\"4a5b9d9\" data-element_type=\"widget\" data-widget_type=\"heading.default\">\n\t\t\t\t<div class=\"elementor-widget-container\">\n\t\t\t\t\t<h2 class=\"elementor-heading-title elementor-size-default\">D\u00dcR\u00dcSTL\u00dcK VE G\u00dcVEN\u0130L\u0130RL\u0130K<\/h2>\t\t\t\t<\/div>\n\t\t\t\t<\/div>\n\t\t\t\t<div class=\"elementor-element elementor-element-dd95f08 elementor-widget elementor-widget-text-editor\" data-id=\"dd95f08\" data-element_type=\"widget\" data-widget_type=\"text-editor.default\">\n\t\t\t\t<div class=\"elementor-widget-container\">\n\t\t\t\t\t\t\t\t\t<p><strong>Kisbu,\u00a0<\/strong>t\u00fcm faaliyetlerinde do\u011fruluk, \u015feffafl\u0131k ve y\u00fcksek i\u015f ahlak\u0131 disiplini ile \u00e7al\u0131\u015f\u0131r. \u015eirketimiz, m\u00fc\u015fterilerine, \u00e7al\u0131\u015fanlar\u0131na, i\u015f ortaklar\u0131 ve tedarik\u00e7ilerine, rakiplerine, \u00e7evreye, topluma ve insanl\u0131\u011fa kar\u015f\u0131 sorumluluklar\u0131n\u0131n fark\u0131ndad\u0131r. Kar\u015f\u0131l\u0131kl\u0131 g\u00fcveni zedeleyecek hi\u00e7bir davran\u0131\u015fta bulunmaz. T\u00fcm payda\u015flar\u0131m\u0131zla uzun soluklu i\u015fbirli\u011fi geli\u015ftiren g\u00fcvenilir \u00e7\u00f6z\u00fcm orta\u011f\u0131 olmak en b\u00fcy\u00fck gayemizdir.<\/p>\t\t\t\t\t\t\t\t<\/div>\n\t\t\t\t<\/div>\n\t\t\t\t\t<\/div>\n\t\t<\/div>\n\t\t\t\t\t<\/div>\n\t\t<\/section>\n\t\t\t\t<section class=\"elementor-section elementor-top-section elementor-element elementor-element-f048c3a elementor-section-boxed elementor-section-height-default elementor-section-height-default\" data-id=\"f048c3a\" data-element_type=\"section\">\n\t\t\t\t\t\t<div class=\"elementor-container elementor-column-gap-default\">\n\t\t\t\t\t<div class=\"elementor-column elementor-col-50 elementor-top-column elementor-element elementor-element-338c9c3\" data-id=\"338c9c3\" data-element_type=\"column\">\n\t\t\t<div class=\"elementor-widget-wrap elementor-element-populated\">\n\t\t\t\t\t\t<div class=\"elementor-element elementor-element-ddd11aa elementor-widget elementor-widget-spacer\" data-id=\"ddd11aa\" data-element_type=\"widget\" data-widget_type=\"spacer.default\">\n\t\t\t\t<div class=\"elementor-widget-container\">\n\t\t\t\t\t\t\t<div class=\"elementor-spacer\">\n\t\t\t<div class=\"elementor-spacer-inner\"><\/div>\n\t\t<\/div>\n\t\t\t\t\t\t<\/div>\n\t\t\t\t<\/div>\n\t\t\t\t<div class=\"elementor-element elementor-element-79f6cc9 elementor-widget elementor-widget-heading\" data-id=\"79f6cc9\" data-element_type=\"widget\" data-widget_type=\"heading.default\">\n\t\t\t\t<div class=\"elementor-widget-container\">\n\t\t\t\t\t<h2 class=\"elementor-heading-title elementor-size-default\">S\u00dcRD\u00dcR\u00dcLEB\u0130L\u0130R YEN\u0130L\u0130K\u00c7\u0130L\u0130K<\/h2>\t\t\t\t<\/div>\n\t\t\t\t<\/div>\n\t\t\t\t<div class=\"elementor-element elementor-element-ed46534 elementor-widget elementor-widget-text-editor\" data-id=\"ed46534\" data-element_type=\"widget\" data-widget_type=\"text-editor.default\">\n\t\t\t\t<div class=\"elementor-widget-container\">\n\t\t\t\t\t\t\t\t\t<p>Kisbu, s\u00fcrd\u00fcr\u00fclebilir rekabet avantaj\u0131 i\u00e7in yenilik\u00e7ili\u011fi destekleyen kurumsal yap\u0131s\u0131n\u0131 olu\u015fturmak, bu yap\u0131y\u0131 s\u00fcrekli desteklemek hedefindedir. Bu ba\u011flamda kurumsal stratejimizi, liderlik yakla\u015f\u0131m\u0131m\u0131z\u0131, \u00e7al\u0131\u015fanlar\u0131m\u0131z\u0131, organizasyon ve s\u00fcre\u00e7lerimizi s\u00fcrd\u00fcr\u00fclebilir yenilik\u00e7ili\u011fin be\u015f temel bile\u015feni olarak kabul ediyor, s\u00fcrekli \u00f6\u011frenmeye ve geli\u015fime a\u00e7\u0131k stratejimizle emin ad\u0131mlarla ilerliyoruz.<\/p>\t\t\t\t\t\t\t\t<\/div>\n\t\t\t\t<\/div>\n\t\t\t\t\t<\/div>\n\t\t<\/div>\n\t\t\t\t<div class=\"elementor-column elementor-col-50 elementor-top-column elementor-element elementor-element-2d471e2\" data-id=\"2d471e2\" data-element_type=\"column\">\n\t\t\t<div class=\"elementor-widget-wrap elementor-element-populated\">\n\t\t\t\t\t\t<div class=\"elementor-element elementor-element-028d3fb elementor-widget elementor-widget-image\" data-id=\"028d3fb\" data-element_type=\"widget\" data-widget_type=\"image.default\">\n\t\t\t\t<div class=\"elementor-widget-container\">\n\t\t\t\t\t\t\t\t\t\t\t\t\t\t\t<img decoding=\"async\" width=\"640\" height=\"448\" src=\"https:\/\/nonwotech.com\/wp-content\/uploads\/2023\/01\/sr1.jpg\" class=\"attachment-large size-large wp-image-2926\" alt=\"\" srcset=\"https:\/\/nonwotech.com\/wp-content\/uploads\/2023\/01\/sr1.jpg 1000w, https:\/\/nonwotech.com\/wp-content\/uploads\/2023\/01\/sr1-300x210.jpg 300w, https:\/\/nonwotech.com\/wp-content\/uploads\/2023\/01\/sr1-768x538.jpg 768w, https:\/\/nonwotech.com\/wp-content\/uploads\/2023\/01\/sr1-690x483.jpg 690w\" sizes=\"(max-width: 640px) 100vw, 640px\" \/>\t\t\t\t\t\t\t\t\t\t\t\t\t\t\t<\/div>\n\t\t\t\t<\/div>\n\t\t\t\t\t<\/div>\n\t\t<\/div>\n\t\t\t\t\t<\/div>\n\t\t<\/section>\n\t\t\t\t<section class=\"elementor-section elementor-top-section elementor-element elementor-element-c22c5c7 elementor-section-boxed elementor-section-height-default elementor-section-height-default\" data-id=\"c22c5c7\" data-element_type=\"section\">\n\t\t\t\t\t\t<div class=\"elementor-container elementor-column-gap-default\">\n\t\t\t\t\t<div class=\"elementor-column elementor-col-50 elementor-top-column elementor-element elementor-element-0ae2ccc\" data-id=\"0ae2ccc\" data-element_type=\"column\">\n\t\t\t<div class=\"elementor-widget-wrap elementor-element-populated\">\n\t\t\t\t\t\t<div class=\"elementor-element elementor-element-6b3aeff elementor-widget elementor-widget-image\" data-id=\"6b3aeff\" data-element_type=\"widget\" data-widget_type=\"image.default\">\n\t\t\t\t<div class=\"elementor-widget-container\">\n\t\t\t\t\t\t\t\t\t\t\t\t\t\t\t<img loading=\"lazy\" decoding=\"async\" width=\"640\" height=\"448\" src=\"https:\/\/nonwotech.com\/wp-content\/uploads\/2023\/01\/hr1.jpg\" class=\"attachment-large size-large wp-image-2893\" alt=\"\" srcset=\"https:\/\/nonwotech.com\/wp-content\/uploads\/2023\/01\/hr1.jpg 1000w, https:\/\/nonwotech.com\/wp-content\/uploads\/2023\/01\/hr1-300x210.jpg 300w, https:\/\/nonwotech.com\/wp-content\/uploads\/2023\/01\/hr1-768x538.jpg 768w, https:\/\/nonwotech.com\/wp-content\/uploads\/2023\/01\/hr1-690x483.jpg 690w\" sizes=\"(max-width: 640px) 100vw, 640px\" \/>\t\t\t\t\t\t\t\t\t\t\t\t\t\t\t<\/div>\n\t\t\t\t<\/div>\n\t\t\t\t\t<\/div>\n\t\t<\/div>\n\t\t\t\t<div class=\"elementor-column elementor-col-50 elementor-top-column elementor-element elementor-element-dd1a994\" data-id=\"dd1a994\" data-element_type=\"column\">\n\t\t\t<div class=\"elementor-widget-wrap elementor-element-populated\">\n\t\t\t\t\t\t<div class=\"elementor-element elementor-element-b08f174 elementor-widget elementor-widget-spacer\" data-id=\"b08f174\" data-element_type=\"widget\" data-widget_type=\"spacer.default\">\n\t\t\t\t<div class=\"elementor-widget-container\">\n\t\t\t\t\t\t\t<div class=\"elementor-spacer\">\n\t\t\t<div class=\"elementor-spacer-inner\"><\/div>\n\t\t<\/div>\n\t\t\t\t\t\t<\/div>\n\t\t\t\t<\/div>\n\t\t\t\t<div class=\"elementor-element elementor-element-f4d485d elementor-widget elementor-widget-heading\" data-id=\"f4d485d\" data-element_type=\"widget\" data-widget_type=\"heading.default\">\n\t\t\t\t<div class=\"elementor-widget-container\">\n\t\t\t\t\t<h2 class=\"elementor-heading-title elementor-size-default\">TOPLUMSAL FAYDA<\/h2>\t\t\t\t<\/div>\n\t\t\t\t<\/div>\n\t\t\t\t<div class=\"elementor-element elementor-element-9925176 elementor-widget elementor-widget-text-editor\" data-id=\"9925176\" data-element_type=\"widget\" data-widget_type=\"text-editor.default\">\n\t\t\t\t<div class=\"elementor-widget-container\">\n\t\t\t\t\t\t\t\t\t<p>Kisbu, kuruldu\u011fu ilk g\u00fcnden itibaren i\u00e7inde bulundu\u011fu toplumun ortak faydas\u0131na katk\u0131da bulunacak alanlar\u0131 \u00f6zenle belirlemi\u015ftir. \u00d6ncelikli olarak e\u011fitim konusuna odaklanan Kisbu \u00e7ok y\u00f6nl\u00fc bir \u015fekilde destek programlar\u0131na devam etmektedir.<\/p>\t\t\t\t\t\t\t\t<\/div>\n\t\t\t\t<\/div>\n\t\t\t\t\t<\/div>\n\t\t<\/div>\n\t\t\t\t\t<\/div>\n\t\t<\/section>\n\t\t\t\t<section class=\"elementor-section elementor-top-section elementor-element elementor-element-2117db8 elementor-section-boxed elementor-section-height-default elementor-section-height-default\" data-id=\"2117db8\" data-element_type=\"section\">\n\t\t\t\t\t\t<div class=\"elementor-container elementor-column-gap-default\">\n\t\t\t\t\t<div class=\"elementor-column elementor-col-100 elementor-top-column elementor-element elementor-element-a36544f\" data-id=\"a36544f\" data-element_type=\"column\">\n\t\t\t<div class=\"elementor-widget-wrap elementor-element-populated\">\n\t\t\t\t\t\t<div class=\"elementor-element elementor-element-4a0d317 elementor-alert-info elementor-widget elementor-widget-alert\" data-id=\"4a0d317\" data-element_type=\"widget\" data-widget_type=\"alert.default\">\n\t\t\t\t<div class=\"elementor-widget-container\">\n\t\t\t\t\t\t\t<div class=\"elementor-alert\" role=\"alert\">\n\n\t\t\t\t\t\t<span class=\"elementor-alert-title\">B\u0130Z\u0130MLE \u0130LET\u0130\u015e\u0130ME GE\u00c7\u0130N<\/span>\n\t\t\t\n\t\t\t\t\t\t<span class=\"elementor-alert-description\">\nNonwotech ailesine kat\u0131lmak istiyorsan\u0131z a\u015fa\u011f\u0131da yer alan telefon numaras\u0131 ve mail adresi \u00fczerinden bizimle ileti\u015fime ge\u00e7ebilirsiniz;\n<br>\n\ninfo@nonwotech.com.tr\n\n+90 (212) 875 45 45<\/span>\n\t\t\t\n\t\t\t\t\t\t<button type=\"button\" class=\"elementor-alert-dismiss\" aria-label=\"Bu uyar\u0131y\u0131 kapat\u0131n.\">\n\t\t\t\t<i aria-hidden=\"true\" class=\"fas fa-star-of-life\"><\/i>\t\t\t<\/button>\n\t\t\t\n\t\t<\/div>\n\t\t\t\t\t\t<\/div>\n\t\t\t\t<\/div>\n\t\t\t\t<div class=\"elementor-element elementor-element-f8db45a elementor-widget elementor-widget-spacer\" data-id=\"f8db45a\" data-element_type=\"widget\" data-widget_type=\"spacer.default\">\n\t\t\t\t<div class=\"elementor-widget-container\">\n\t\t\t\t\t\t\t<div class=\"elementor-spacer\">\n\t\t\t<div class=\"elementor-spacer-inner\"><\/div>\n\t\t<\/div>\n\t\t\t\t\t\t<\/div>\n\t\t\t\t<\/div>\n\t\t\t\t\t<\/div>\n\t\t<\/div>\n\t\t\t\t\t<\/div>\n\t\t<\/section>\n\t\t\t\t<\/div>\n\t\t","protected":false},"excerpt":{"rendered":"<p>\u0130NSAN KAYNAKLARI Nonwotech\u00a0olarak amac\u0131m\u0131z, kurum k\u00fclt\u00fcr\u00fcne ve ortak de\u011ferlere uyum sa\u011flayabilen, pozisyonun gerektirdi\u011fi nitelik ve yetkinliklere sahip adaylar\u0131 b\u00fcnyemize katmakt\u0131r. \u00e7al\u0131\u015facak, geli\u015fime ve de\u011fi\u015fime a\u00e7\u0131k olanlar. Bu ama\u00e7la b\u00fcnyemizde pozisyonun gerektirdi\u011fi e\u011fitim, bilgi ve yetkinliklere sahip adaylar\u0131 istihdam etmeyi ama\u00e7l\u0131yoruz. Nonwotech\u00a0Ailesine kat\u0131lmak istiyorsan\u0131z; Bizimle ileti\u015fime ge\u00e7ebilirsiniz\u2026 DE\u011eERLER\u0130M\u0130Z D\u00dcR\u00dcSTL\u00dcK VE G\u00dcVEN\u0130L\u0130RL\u0130K Kisbu,\u00a0t\u00fcm faaliyetlerinde do\u011fruluk, \u015feffafl\u0131k ve [&hellip;]<\/p>\n","protected":false},"author":1,"featured_media":0,"parent":0,"menu_order":0,"comment_status":"closed","ping_status":"closed","template":"","meta":{"footnotes":""},"class_list":["post-2648","page","type-page","status-publish","hentry"],"_links":{"self":[{"href":"https:\/\/nonwotech.com\/index.php?rest_route=\/wp\/v2\/pages\/2648","targetHints":{"allow":["GET"]}}],"collection":[{"href":"https:\/\/nonwotech.com\/index.php?rest_route=\/wp\/v2\/pages"}],"about":[{"href":"https:\/\/nonwotech.com\/index.php?rest_route=\/wp\/v2\/types\/page"}],"author":[{"embeddable":true,"href":"https:\/\/nonwotech.com\/index.php?rest_route=\/wp\/v2\/users\/1"}],"replies":[{"embeddable":true,"href":"https:\/\/nonwotech.com\/index.php?rest_route=%2Fwp%2Fv2%2Fcomments&post=2648"}],"version-history":[{"count":43,"href":"https:\/\/nonwotech.com\/index.php?rest_route=\/wp\/v2\/pages\/2648\/revisions"}],"predecessor-version":[{"id":3194,"href":"https:\/\/nonwotech.com\/index.php?rest_route=\/wp\/v2\/pages\/2648\/revisions\/3194"}],"wp:attachment":[{"href":"https:\/\/nonwotech.com\/index.php?rest_route=%2Fwp%2Fv2%2Fmedia&parent=2648"}],"curies":[{"name":"wp","href":"https:\/\/api.w.org\/{rel}","templated":true}]}}